{"id":299,"date":"2014-02-26T07:43:32","date_gmt":"2014-02-26T07:43:32","guid":{"rendered":"http:\/\/www.erfolgsschmiede.co.at\/erfolgsschmiede\/?page_id=299"},"modified":"2024-03-26T08:22:41","modified_gmt":"2024-03-26T08:22:41","slug":"agb-2","status":"publish","type":"page","link":"http:\/\/www.erfolgsschmiede.co.at\/erfolgsschmiede\/?page_id=299","title":{"rendered":"AGB"},"content":{"rendered":"<p align=\"center\">A l l g e m e i n e \u00a0\u00a0G e s c h \u00e4 f t s b e d i n g u n g e n<br \/>\nErfolgsschmiede e.U.<br \/>\nStefan Baumgartner, MA<br \/>\n3392 Dunkelsteinerwald, Graf Geroldstra\u00dfe 9<\/p>\n<p align=\"center\">\n<p align=\"center\"><b>Stand: J\u00e4nner 2019<\/b><\/p>\n<p>Das Unternehmer Erfolgsschmiede e.U. f\u00fchrt Dienstleistungen wie Seminare, Vortr\u00e4ge, Teamentwicklungen, Teamklausuren, Beratungsleistungen und Moderationen f\u00fcr Wirtschaftsunternehmen, \u00f6ffentliche Unternehmen sowie f\u00fcr Non Profit Organisationen durch. F\u00fcr diese Dienstleistungen gelten nachfolgende Regelungen.<\/p>\n<p><b>1. <\/b><b>Anmeldung zu offenen Seminaren:<\/b><\/p>\n<p style=\"padding-left: 30px;\">Um ihnen in meinen Seminaren hohe Qualit\u00e4t bieten zu k\u00f6nnen, ist die TeilnehmerInnenzahl fast immer begrenzt. Daher erfolgen Anmeldungen in der Reihenfolge ihres Eintreffens. Anmeldungen erfolgen nur schriftlich (Post, E-Mail oder Anmeldeformular auf der Homepage). Jede Anmeldung gilt als verbindlich.<\/p>\n<p style=\"padding-left: 30px;\">Ist ein Seminar bereits ausgebucht, erhalten Sie einen Platz auf der Warteliste. Bei Freiwerden eines Seminarplatzes werden Sie unmittelbar benachrichtigt.<\/p>\n<p>\u00a01.1.\u00a0\u00a0Anmeldebest\u00e4tigung<\/p>\n<p style=\"padding-left: 30px;\">Nach Ihrer Anmeldung verst\u00e4ndige ich sie von der Reservierung Ihres Seminarplatzes und sende ihnen einen Erlagschein zur Einzahlung des Seminarbeitrages zu.<\/p>\n<p>\u00a01.2.\u00a0 Teilnahmebedingung<\/p>\n<p style=\"padding-left: 30px;\">Sind bestimmte Zulassungsbestimmungen f\u00fcr den Veranstaltungsbesuch vorgesehen, sind diese von Teilnehmer zu erf\u00fcllen.<\/p>\n<p>\u00a01.3.\u00a0 Teilnahmebeitrag \/ Zahlungsbedingungen<\/p>\n<p style=\"padding-left: 30px;\">Alle Preise verstehen sich zuz\u00fcglich 20 % USt. Der Teilnahmebeitrag ist vor Veranstaltungsbeginn zu entrichten. Skonti k\u00f6nnen nicht in Abzug gebracht werden. Die Rechnungen sind bei Erhalt sofort f\u00e4llig. Bei Zahlungsverzug werden die tats\u00e4chlichen Mahn- und Inkassospesen sowie 12 % Verzugszinsen p.a. verrechnet. Bei einem sp\u00e4teren Einstieg in eine Veranstaltung ist eine Erm\u00e4\u00dfigung des Teilnahmebeitrags nicht vorgesehen, dies gilt auch bei einem vorzeitigen Ausstieg. Der Teilnahmebeitrag umfasst die Kosten f\u00fcr Besuch, Unterlagen und Pausengetr\u00e4nke. \u00dcbernachtungen sind &#8211; wenn nicht anders angef\u00fchrt &#8211; im Teilnahmebeitrag nicht enthalten.<\/p>\n<p>\u00a01.4.\u00a0 Stornobedingungen<\/p>\n<p style=\"padding-left: 30px;\">Da Veranstaltungspl\u00e4tze nicht kurzfristig nachbesetzt werden k\u00f6nnen, m\u00fcssen wir ab 21 Kalendertage vor Veranstaltungsbeginn 50% und 3 Werktage vor Veranstaltungsbeginn 100% Stornogeb\u00fchr verrechnen.<\/p>\n<p style=\"padding-left: 30px;\">Die Stornogeb\u00fchr entf\u00e4llt, wenn von dem Teilnehmer eine der Zielgruppe entsprechende Ersatzperson nominiert wird, die die Veranstaltung besucht und den Teilnahmebeitrag leistet. F\u00fcr die Rechtzeitigkeit der R\u00fccktritts- bzw. Stornoerkl\u00e4rung gilt das Einlangen bei der Fa. Erfolgsschmiede e.U.. Ich kann Abmeldungen nur in schriftlicher Form entgegennehmen.<\/p>\n<p>\u00a01.5.\u00a0\u00a0R\u00fccktrittsrecht<\/p>\n<p style=\"padding-left: 30px;\">Erfolgt die Buchung einer Veranstaltung im Fernabsatz (E-Mail, Internet), steht dem Teilnehmer als Konsument im Sinne des KSchG ein gesetzliches R\u00fccktrittsrecht im Sinne des Fernabsatzgesetzes binnen 7 Werktagen (Samstag gilt nicht als Werktag) gerechnet ab Vertragsabschluss zu. Dies gilt nicht f\u00fcr Veranstaltungen, die bereits innerhalb dieser 7 Werktage ab dem Vertragsabschluss beginnen. Die R\u00fccktrittsfrist gilt als gewahrt, wenn die R\u00fccktrittserkl\u00e4rung innerhalb der Frist abgeschickt wird.<\/p>\n<p>\u00a01.6.\u00a0\u00a0\u00c4nderungen im Veranstaltungsprogramm<\/p>\n<p style=\"padding-left: 30px;\">Unsere Veranstaltungen unterliegen einer langfristigen Planung. Daher sind organisatorisch bedingte Programm\u00e4nderungen m\u00f6glich. Aus diesem Grund kann es zu \u00c4nderungen des Veranstaltungsprogramms, des Teilnahmebeitrags, der Veranstaltungstermine, der Beginnzeiten, der Trainer\/-innen kommen. Die Teilnehmer werden rechtzeitig und in geeigneter Weise verst\u00e4ndigt.<\/p>\n<p>\u00a01.7.\u00a0\u00a0Veranstaltungsabsage<\/p>\n<p style=\"padding-left: 30px;\">Das Zustandekommen einer Veranstaltung h\u00e4ngt von einer MindestteilnehmerInnenzahl ab. Wenn die Veranstaltung aus organisatorischen Gr\u00fcnden abgesagt werden muss, erfolgt eine abzugsfreie R\u00fcckerstattung von bereits eingezahlten Teilnahmebeitr\u00e4gen. Ersatz f\u00fcr dar\u00fcber hinausgehende entstandene Sch\u00e4den bzw. Aufwendungen jeglicher Art (z.B. Verdienstentgang, Fahrtkosten etc.) ist ausgeschlossen. Werden Skripten und Arbeitsunterlagen von den TeilnehmerInnen nicht zur\u00fcckgegeben, wird die R\u00fcckzahlung entsprechend reduziert.<\/p>\n<p>\u00a01.8.\u00a0\u00a0Ausschluss von einer Veranstaltung<\/p>\n<p style=\"padding-left: 30px;\">Damit die Veranstaltungsziele erreicht werden, k\u00f6nnen Personen ohne Angabe von Gr\u00fcnden von der Teilnahme ausgeschlossen werden.<\/p>\n<p>\u00a01.9.\u00a0\u00a0Besuchsbest\u00e4tigung<\/p>\n<p style=\"padding-left: 30px;\">Werden mehr als 75% der betreffenden Veranstaltung vom Teilnehmer besucht, stelle ich kostenlos Teilnahmebest\u00e4tigungen aus.<\/p>\n<p><b>2. <\/b><b>Angebote f\u00fcr Wirtschaftsunternehmen, \u00f6ffentliche Unternehmen sowie f\u00fcr Non Profit Organisationen<\/b><\/p>\n<p style=\"padding-left: 30px;\">Angebote f\u00fcr Wirtschaftsunternehmen, \u00f6ffentliche Unternehmen sowie f\u00fcr Non Profit Organisationen sind organisationsinterne Veranstaltungen wie z.B. Seminare, Vortr\u00e4ge, Klausuren oder Beratungsleistungen. Schriftlich verfasste Angebote halten f\u00fcr 3 Monate ihre G\u00fcltigkeit.<br \/>\nEs gilt das Verfassungsdatum des Angebots.<\/p>\n<p style=\"padding-left: 30px;\">\u00a0Meine Trainings und Seminare k\u00f6nnen Sie in \u00d6sterreich, in Deutschland, der Schweiz und in S\u00fcdtirol buchen.<\/p>\n<p>\u00a02.1.\u00a0\u00a0Seminare und Vortr\u00e4ge<\/p>\n<p style=\"padding-left: 30px;\">Vor der Durchf\u00fchrung von Seminaren oder Vortr\u00e4gen wird mit dem Auftraggeber der Umfang vereinbart. Ad\u00e4quate \u00d6rtlichkeiten, notwendige Materialien und Ausr\u00fcstungsgegenst\u00e4nde werden seitens der Erfolgsschmiede e.U. zur Verf\u00fcgung gestellt.<\/p>\n<p style=\"padding-left: 30px;\">W\u00fcnscht der Auftraggeber ausdr\u00fccklich eine von ihm bestimmte \u00d6rtlichkeit, so gilt Punkt 2.4.<\/p>\n<p>\u00a02.2.\u00a0\u00a0Trainings<\/p>\n<p style=\"padding-left: 30px;\">Das Unternehmen Erfolgsschmiede f\u00fchrt verschiedene F\u00fchrungskr\u00e4ftetrainings durch und ist verpflichtet, die Trainingsleistungen im vorab vereinbarten Umfang (Trainingsbeschreibungen) durchzuf\u00fchren. Die hief\u00fcr notwendigen Materialien und Ausr\u00fcstungsgegenst\u00e4nde werden von der Erfolgsschmiede e.U. zur Verf\u00fcgung gestellt.<\/p>\n<p style=\"padding-left: 30px;\">Die einzelnen Leistungen ergeben sich aus den Trainingsbeschreibungen.<\/p>\n<p>\u00a02.3.\u00a0\u00a0Beratungsleistung<\/p>\n<ul>\n<li style=\"list-style-type: none;\">\n<ul>\n<li>F\u00fchrungskr\u00e4fte-Beratungen, Teamklausuren und Moderationen<\/li>\n<\/ul>\n<\/li>\n<\/ul>\n<ol>\n<li style=\"list-style-type: none;\">\n<ol>\n<li><i>Die Beratung<\/i> erfolgt streng vertraulich und wird nur aufgrund ausdr\u00fccklicher Beauftragung schriftlich dokumentiert und ausgewertet.<\/li>\n<li><i>Die Beratungsleistung<\/i> wird seitens der Erfolgsschmiede e.U. in dem Umfang erbracht, wie dies vorab ausdr\u00fccklich festgelegt wird.<\/li>\n<li><i>Die Auswertung und Erfolgskontrolle<\/i> der Beratung ist von der Erfolgsschmiede e.U. nur dann geschuldet, wenn dies gesondert beauftragt wird. Der Auswertungsaufwand wird vorab vom Unternehmen Erfolgsschmiede e.U. eingesch\u00e4tzt und vom Auftraggeber im Rahmen einer Pauschalvereinbarung genehmigt. Die Auswertung ist schriftlich zu dokumentieren und wird dem Auftraggeber in einer vorab zu vereinbarenden Anzahl der Auswertungsexemplare zur Verf\u00fcgung gestellt. Die Auswertungsunterlagen sind vom Auftraggeber vertraulich zu behandeln.<br \/>\nDie Erfolgsschmiede e.U. r\u00e4umt dem Auftraggeber an den Auswertungsunterlagen ein nicht \u00fcbertragbares Nutzungsrecht im Rahmen der betrieblichen Zwecke des Auftraggebers ein.<\/li>\n<\/ol>\n<\/li>\n<\/ol>\n<ul>\n<li style=\"list-style-type: none;\">\n<ul>\n<li>Die Erfolgsschmiede e.U. erstellt vor Beginn der Beratung eine Agenda, in der Inhalte, Themen und Termine festgelegt werden.<\/li>\n<\/ul>\n<\/li>\n<\/ul>\n<ol>\n<li style=\"list-style-type: none;\">\n<ol>\n<li><i>Beratungskonzept<\/i><br \/>\nVor Beginn der Beratungsleistungen wird gemeinsam ein Beratungskonzept unter Festlegung der zeitlichen Beratungstermine, der Teilnehmer, der Tagesordnungspunkte und der Beratungsziele vereinbart. Der Auftraggeber verpflichtet sich, an der verbindlichen Vereinbarung dieser Beratungsplanung mitzuwirken. Sollte mangels Mitwirkung des Auftraggebers eine Einigung \u00fcber verbindliche Beratungstermine nicht innerhalb von sechs Monaten ab Vertragsabschluss erzielt werden k\u00f6nnen, ist die Erfolgsschmiede e.U. berechtigt, nach Anh\u00f6rung des Auftraggebers einseitig die Beratungstermine innerhalb eines Zeitraums von weiteren drei Monaten festzulegen. Sollte der Auftraggeber an nach vorstehenden Regeln festgelegten Terminen oder an einzelnen Terminen nicht teilnehmen, so ist die Verg\u00fctung zu bezahlen, sofern es der Erfolgsschmiede e.U. nicht gelingt, den oder die Berater f\u00fcr den jeweils festgelegten Termin, bei anderen Auftr\u00e4gen einzusetzen. Dies gilt unabh\u00e4ngig von den Gr\u00fcnden, die Anlass f\u00fcr die Nichtteilnahme des Auftraggebers an der Beratung sein werden.<br \/>\nGleichfalls zu verg\u00fcten sind die Entgelte f\u00fcr sonstige vereinbarte Leistungen (wie z.B. Unterkunft, Verpflegung, gebuchte Reisen und Hotel f\u00fcr Berater) von der Erfolgsschmiede e.U. soweit der Auftraggeber nicht nachweist, dass sich die Erfolgsschmiede e.U. infolge des Ausfalls der Beratungsma\u00dfnahmen Aufwendungen erspart hat.<\/li>\n<li><i>Sonstige Leistungen<\/i><br \/>\nUnterkunft, Verpflegung, Getr\u00e4nke f\u00fcr Teilnehmer und die Stellung technischen Equipments f\u00fcr Berater und Teilnehmer sind nur dann verpflichtender Leistungsbestandteil f\u00fcr die Erfolgsschmiede e.U., wenn dies jeweils ausdr\u00fccklich mit dem Auftraggeber vereinbart wird. Derartige Leistungen sind als Mitwirkungsleistung des Auftraggebers zu erbringen, soweit keine ausdr\u00fcckliche anderweitige Vereinbarung getroffen wird.<\/li>\n<\/ol>\n<\/li>\n<\/ol>\n<p>2.4.\u00a0\u00a0Mitwirkungsleistung des Auftraggebers bei Seminaren, Vortr\u00e4gen und Trainings<\/p>\n<p style=\"padding-left: 30px;\">Wird auf ausdr\u00fccklichem Wunsch des Auftraggeber eine von ihm bestimmte \u00d6rtlichkeit festgelegt, so verpflichtet sich der Auftraggeber, zum vereinbarten Zeitpunkt am vereinbarten Ort der von der Erfolgsschmiede e.U. beauftragten Person bzw. der vom Auftraggeber gebuchten Person, den Auftritt im Rahmen eines thematisch vorab vereinbarten Seminars, Vortrages oder Trainings zu erm\u00f6glichen. Der Auftraggeber stellt \u00fcbliche Pr\u00e4sentationsmittel wie Beamer, Flipcharts, Pinntafeln etc. nach dem jeweils \u00fcblichen und aktuellen Stand der Technik zur Verf\u00fcgung.<\/p>\n<p style=\"padding-left: 30px;\">Der Auftraggeber sorgt f\u00fcr einen st\u00f6rungsfreien Ablauf der Seminarveranstaltung, des Vortrages bzw. Trainings.<\/p>\n<p>2.5.\u00a0\u00a0\u00a0 Haftung<\/p>\n<p style=\"padding-left: 30px;\">Die Erfolgsschmiede e.U. haftet auf Schadensersatz nur im Fall grob fahrl\u00e4ssiger oder vors\u00e4tzlicher Pflichtverletzung. Dies gilt nicht im Falle der Verletzung des Lebens, des K\u00f6rpers oder der Gesundheit sowie bei der Verletzung von vertragswesentlichen Rechten und Pflichten (sog. Kardinalpflichten).<\/p>\n<p style=\"padding-left: 30px;\">Im Fall der fahrl\u00e4ssigen Verletzung vertragswesentlicher Pflichten haftet die Erfolgsschmiede e.U. der H\u00f6he nach beschr\u00e4nkt auf das mit dem Auftraggeber vereinbarte netto Gesamthonorar f\u00fcr den jeweiligen Auftrag.<\/p>\n<p style=\"padding-left: 30px;\">Die Haftung nach dem Produkthaftungsgesetz bleibt von vorstehenden Regelungen unber\u00fchrt.<\/p>\n<p>\u00a02.6.\u00a0\u00a0\u00a0 Entgelt, Zahlungsbedingungen<\/p>\n<ul>\n<li style=\"list-style-type: none;\">\n<ul>\n<li>Die Erfolgsschmiede e.U. bietet seine Seminare, Vortr\u00e4ge und Trainingsleistungen nach festen Kostenpauschalen an. Die Entgelte f\u00fcr alle \u00fcbrigen Leistungen werden individuell vereinbart. Sollte keine anderweitige Vereinbarung getroffen werden, gelten \u00fcbliche Tages- und Honorars\u00e4tze als vereinbart. Hinzuzurechnen sind die Kosten nach Punkt 2.11. dieser Allgemeinen Auftragsbedingungen. Die Preise verstehen sich exklusive Mehrwertsteuer.<\/li>\n<li>Die Entgelte sind wie folgt zur Zahlung f\u00e4llig:<\/li>\n<\/ul>\n<\/li>\n<\/ul>\n<ol>\n<li style=\"list-style-type: none;\">\n<ol>\n<li>Seminare (Punkt 2.1) und Trainingsleistungen (Punkt 2.2) sind vorab, d.h. eine Woche vor Beginn des Trainings vollst\u00e4ndig zu bezahlen.<br \/>\nF\u00fcr Vortragshonorare (Punkt 2.1) gilt, dass das Honorar sp\u00e4testens zwei Wochen vor dem Vortragstermin nach Rechnungsstellung an die Erfolgsschmiede e.U. zu zahlen ist. Spesen sind nach dem Vortragstermin abzurechnen.<\/li>\n<li>Der Auftraggeber ist hinsichtlich der \u00fcbrigen Leistungen (Beratung, Teamklausuren, Moderationen etc.) verpflichtet, mit jeweiligem Vertragsabschluss 30 % des vereinbarten Gesamthonorars zu bezahlen. Die weiteren 70 % des Gesamthonorars sind f\u00e4llig mit der Erf\u00fcllung der Gesamtleistungspflicht von der Erfolgsschmiede e.U. und vom Auftraggeber sp\u00e4testens zwei Wochen nach Rechnungsstellung an die Erfolgsschmiede e.U. zu zahlen.<\/li>\n<\/ol>\n<\/li>\n<\/ol>\n<ul>\n<li style=\"list-style-type: none;\">\n<ul>\n<li>Wird die Zahlungsfrist \u00fcberschritten, so k\u00f6nnen Verzugszinsen in H\u00f6he von mindestens 2% \u00fcber dem jeweiligen Lombardsatz der \u00d6sterr. Nationalbank berechnet werden, sofern von der Erfolgsschmiede e.U. nicht ein h\u00f6herer Schaden nachgewiesen wird.<\/li>\n<li>Die Erfolgsschmiede e.U. ist berechtigt, Telefon, Porto, Kommunikationsaufw\u00e4nde, Fotokopierkosten und Kosten des Schriftverkehrs und f\u00fcr sonstige Materialien pauschal, d.h. ohne Einzelnachweise, bis zu 5 % des Netto-Auftragspreises zu beanspruchen.<\/li>\n<\/ul>\n<\/li>\n<\/ul>\n<p>2.7.\u00a0\u00a0\u00a0 Leistungsverhinderung<\/p>\n<p style=\"padding-left: 30px;\">Sofern die Erfolgsschmiede e.U. aus nicht von der Erfolgsschmiede e.U zu vertretenden Gr\u00fcnden an der Erbringung der Leistung gehindert ist, ist das Honorar vom Auftraggeber unter Abzug nachweislich ersparter Aufwendungen zu bezahlen. Im Krankheitsfall wird die Leistung durch die Erfolgsschmiede e.U nachgeholt.<\/p>\n<p>2.8.\u00a0\u00a0\u00a0 Stornobedingungen<\/p>\n<p style=\"padding-left: 30px;\">F\u00fcr die Stornierung von bereits terminisierten, firmeninternen Seminaren, Vortr\u00e4ge und Beratungen werden folgende S\u00e4tze verrechnet.<\/p>\n<p style=\"padding-left: 30px;\">Storno bis 4 Wochen vor Seminarbeginn:\u00a0\u00a0\u00a0\u00a0 50 % der Seminargeb\u00fchren<br \/>\nStorno bis 2 Wochen vor Seminarbeginn:\u00a0\u00a0\u00a0\u00a0 75 % der Seminargeb\u00fchren<br \/>\nStorno bis zum bzw. nach dem Seminarbeginn:\u00a0\u00a0\u00a0\u00a0\u00a0 100 % der Seminargeb\u00fchren<\/p>\n<p>2.9.\u00a0\u00a0K\u00fcndigung<\/p>\n<p style=\"padding-left: 30px;\">Die Auftr\u00e4ge beginnen mit der Erteilung der schriftlichen Auftragserteilung oder Auftragsbest\u00e4tigung durch die Erfolgsschmiede e.U. und sind bis zur Abwicklung des vollst\u00e4ndigen Auftrages unter Ausschluss des Rechts zur ordentlichen K\u00fcndigung fest vereinbart. Davon unber\u00fchrt bleibt das beiderseits bestehende Recht zur au\u00dferordentlichen K\u00fcndigung aus wichtigem Grund gem\u00e4\u00df den geltenden Vorschriften.<\/p>\n<p>2.10. Fortentwicklungen<\/p>\n<p style=\"padding-left: 30px;\">Werkzeuge und Leistungen werden st\u00e4ndig weiter entwickelt und verbessert. Es kann daher kurzfristig zu \u00c4nderungen gegen\u00fcber Angaben in den Verkaufsunterlagen kommen.<\/p>\n<p>2.11. Reisekosten, Spesen, \u00dcbernachtungen<\/p>\n<p style=\"padding-left: 30px;\">Soweit nicht anderweitig ausdr\u00fcckliche Vereinbarungen getroffen werden, ist der Auftraggeber verpflichtet, der Erfolgsschmiede e.U. wie folgt Reisekosten zu erstatten:<\/p>\n<ul>\n<li>Je Kilometer An- und Abreise zum Ort der Veranstaltung mit dem Pkw &#8211; \u20ac 0,50\/km;<\/li>\n<li>Flugkosten nach tats\u00e4chlichem Aufwand;<\/li>\n<li>\u00d6sterreichische und Deutsche Bundesbahn, Fahrkarte 1. Klasse ohne Bahn-Card nach tats\u00e4chlichem Aufwand;<\/li>\n<li>Hotelkosten inkl. Verpflegungskosten, exklusive Getr\u00e4nkekosten, nach tats\u00e4chlichem Aufwand.<\/li>\n<\/ul>\n<p>2.12. Eigenwerbung<\/p>\n<p style=\"padding-left: 30px;\">Der Auftraggeber erteilt der Erfolgsschmiede e.U. mit dem Auftrag ausdr\u00fccklich das Recht, die f\u00fcr ihn durchgef\u00fchrten Leistungen als Referenz und f\u00fcr die Eigenwerbung zu verwenden.<\/p>\n<p><strong>3.<\/strong> <strong>Copyright<\/strong><\/p>\n<p style=\"padding-left: 30px;\">Die im Zuge einer Veranstaltung beigestellten Unterlagen sind und bleiben geistiges Eigentum der Erfolgsschmiede e.U. bzw. der TrainerInnen und stehen ausschlie\u00dflich jenen Personen zur pers\u00f6nlichen Verf\u00fcgung, die an der Veranstaltung teilgenommen haben. Die \u00fcber diesen Rahmen hinausgehende Verbreitung und Nutzung dieses Materials (auch firmenintern) ist an meine vorherige schriftliche Zustimmung gebunden. Die gewerbliche Nutzung (z.B. f\u00fcr gewerbliche Zwecke als TrainerIn) der Unterlagen ist strengstens untersagt.<\/p>\n<p><strong>4.<\/strong> <strong>Hauftunsausschluss<\/strong><\/p>\n<p style=\"padding-left: 30px;\">F\u00fcr pers\u00f6nliche Gegenst\u00e4nde der TeilnehmerInnen wird keine Haftung \u00fcbernommen. Aus der Anwendung der erworbenen Kenntnisse k\u00f6nnen keinerlei Haftungsanspr\u00fcche gegen\u00fcber der Erfolgsschmiede e.U. gemacht werden.<\/p>\n<p><strong>5. Datenschutz \/ Verschwiegenheit \/ Zustimmung<\/strong><\/p>\n<p style=\"padding-left: 30px;\">Die pers\u00f6nlichen Angaben der TeilnehmerInnen \/ des Auftraggebers werden vertraulich behandelt. Die Daten werden nicht an Dritte weitergegeben. Meine TrainerInnen sind zur Verschwiegenheit \u00fcber Vorkommnisse in den Veranstaltungen \u2013auch den pers\u00f6nlichen Bereich betreffend \u2013 gegen\u00fcber Dritten verpflichtet. Der Teilnehmer, der Auftraggeber ist damit einverstanden, dass Er per Post \/ Fax oder Email \u00fcber weitere Veranstaltungen von der Erfolgsschmiede e.U. informiert wird. Der Teilnehmer, der Auftraggeber erkl\u00e4rt sich einverstanden produziertes Bildmaterial von der Erfolgsschmiede zur weiteren Verarbeitung freizugeben. Der Teilnehmer kann diese Zustimmung jederzeit wiederrufen.<\/p>\n<p><strong>6. H\u00f6here Gewalt<\/strong><\/p>\n<p style=\"padding-left: 30px;\">H\u00f6here Gewalt oder andere unvorhergesehene Hindernisse in der Sph\u00e4re des Auftragnehmers entbinden diesen von der Einhaltung der vereinbarten Verpflichtungen. Betriebs- und Verkehrsst\u00f6rungen im Bereich des Auftraggebers gelten auch als h\u00f6here Gewalt und befreien den Auftragnehmer f\u00fcr die Dauer der Behinderung von der zu erbringenden Leistung, ohne dass dem Auftraggeber dadurch Anspr\u00fcche auf Preisminderung entstehen.<\/p>\n<p><strong>7. Salvatorische Klausel<\/strong><\/p>\n<p style=\"padding-left: 30px;\">Sollte eine Bestimmung in diesen Gesch\u00e4ftsbedingungen unwirksam sein oder werden, so wird hiervon die Wirksamkeit aller sonstigen Bestimmungen nicht ber\u00fchrt.<\/p>\n<p><strong>8. Gerichtsstand und anwendbares Recht<\/strong><\/p>\n<p style=\"padding-left: 30px;\">F\u00fcr eventuelle Streitigkeiten gilt die \u00f6rtliche Zust\u00e4ndigkeit des sachlich zust\u00e4ndigen Gerichtes f\u00fcr den Gesch\u00e4ftssitz des Auftragnehmers als vereinbart. Es gilt \u00f6sterreichisches materielles Recht. Die Anwendbarkeit des UN-Kaufrechtes wird ausgeschlossen.<\/p>\n","protected":false},"excerpt":{"rendered":"<p>A l l g e m e i n e \u00a0\u00a0G e s c h \u00e4 f t s b e d i n g u n g e n Erfolgsschmiede e.U. Stefan Baumgartner, MA 3392 Dunkelsteinerwald, Graf Geroldstra\u00dfe 9 Stand: J\u00e4nner 2019 Das Unternehmer Erfolgsschmiede e.U. f\u00fchrt Dienstleistungen wie Seminare, Vortr\u00e4ge, Teamentwicklungen, Teamklausuren, Beratungsleistungen [&#8230;]<\/p>\n","protected":false},"author":2,"featured_media":207,"parent":0,"menu_order":100,"comment_status":"closed","ping_status":"open","template":"","meta":[],"_links":{"self":[{"href":"http:\/\/www.erfolgsschmiede.co.at\/erfolgsschmiede\/index.php?rest_route=\/wp\/v2\/pages\/299"}],"collection":[{"href":"http:\/\/www.erfolgsschmiede.co.at\/erfolgsschmiede\/index.php?rest_route=\/wp\/v2\/pages"}],"about":[{"href":"http:\/\/www.erfolgsschmiede.co.at\/erfolgsschmiede\/index.php?rest_route=\/wp\/v2\/types\/page"}],"author":[{"embeddable":true,"href":"http:\/\/www.erfolgsschmiede.co.at\/erfolgsschmiede\/index.php?rest_route=\/wp\/v2\/users\/2"}],"replies":[{"embeddable":true,"href":"http:\/\/www.erfolgsschmiede.co.at\/erfolgsschmiede\/index.php?rest_route=%2Fwp%2Fv2%2Fcomments&post=299"}],"version-history":[{"count":6,"href":"http:\/\/www.erfolgsschmiede.co.at\/erfolgsschmiede\/index.php?rest_route=\/wp\/v2\/pages\/299\/revisions"}],"predecessor-version":[{"id":387,"href":"http:\/\/www.erfolgsschmiede.co.at\/erfolgsschmiede\/index.php?rest_route=\/wp\/v2\/pages\/299\/revisions\/387"}],"wp:featuredmedia":[{"embeddable":true,"href":"http:\/\/www.erfolgsschmiede.co.at\/erfolgsschmiede\/index.php?rest_route=\/wp\/v2\/media\/207"}],"wp:attachment":[{"href":"http:\/\/www.erfolgsschmiede.co.at\/erfolgsschmiede\/index.php?rest_route=%2Fwp%2Fv2%2Fmedia&parent=299"}],"curies":[{"name":"wp","href":"https:\/\/api.w.org\/{rel}","templated":true}]}}