{"id":240,"date":"2014-02-26T07:43:49","date_gmt":"2014-02-26T07:43:49","guid":{"rendered":"http:\/\/www.erfolgsschmiede.co.at\/erfolgsschmiede\/?page_id=240"},"modified":"2024-12-02T14:57:19","modified_gmt":"2024-12-02T14:57:19","slug":"impressum-2","status":"publish","type":"page","link":"http:\/\/www.erfolgsschmiede.co.at\/erfolgsschmiede\/?page_id=240","title":{"rendered":"Impressum"},"content":{"rendered":"<p><strong>Erfolgsschmiede e.U.<\/strong><br \/>\nStefan Baumgartner, MA<br \/>\nGraf Geroldstra\u00dfe 9<br \/>\nA-3392 Dunkelsteinerwald<br \/>\nTel.: +43676\/751 75 65<br \/>\nmail: <a href=\"mailto:stefan.baumgartner@erfolgsschmiede.co.at\">stefan.baumgartner@erfolgsschmiede.co.at<\/a><br \/>\nweb: <a href=\"http:\/\/www.erfolgsschmiede.co.at\/\">www.erfolgsschmiede.co.at<\/a><\/p>\n<p>FN: 377252h<br \/>\nUID: ATU81352117<\/p>\n<p><strong>Haftungsausschluss<br \/>\n<\/strong>Die auf den Internetseiten der Fa. Erfolgsschmiede e.U. wiedergegebenen Inhalte dienen lediglich zu Ihrer Information. F\u00fcr dennoch enthaltene Fehler kann keine wie immer geartete Haftung \u00fcbernommen werden. Weiteres erkl\u00e4rt sich die Fa. Erfolgsschmiede e.U.\u00a0trotz sorgf\u00e4ltiger Kontrolle als nicht verantwortlich f\u00fcr den Inhalt von externen Internetseiten, auf die mit einem Link verwiesen wird.<\/p>\n","protected":false},"excerpt":{"rendered":"<p>Erfolgsschmiede e.U. Stefan Baumgartner, MA Graf Geroldstra\u00dfe 9 A-3392 Dunkelsteinerwald Tel.: +43676\/751 75 65 mail: stefan.baumgartner@erfolgsschmiede.co.at web: www.erfolgsschmiede.co.at FN: 377252h UID: ATU81352117 Haftungsausschluss Die auf den Internetseiten der Fa. Erfolgsschmiede e.U. wiedergegebenen Inhalte dienen lediglich zu Ihrer Information. F\u00fcr dennoch enthaltene Fehler kann keine wie immer geartete Haftung \u00fcbernommen werden. Weiteres erkl\u00e4rt sich die Fa. [&#8230;]<\/p>\n","protected":false},"author":2,"featured_media":209,"parent":0,"menu_order":99,"comment_status":"closed","ping_status":"open","template":"","meta":[],"_links":{"self":[{"href":"http:\/\/www.erfolgsschmiede.co.at\/erfolgsschmiede\/index.php?rest_route=\/wp\/v2\/pages\/240"}],"collection":[{"href":"http:\/\/www.erfolgsschmiede.co.at\/erfolgsschmiede\/index.php?rest_route=\/wp\/v2\/pages"}],"about":[{"href":"http:\/\/www.erfolgsschmiede.co.at\/erfolgsschmiede\/index.php?rest_route=\/wp\/v2\/types\/page"}],"author":[{"embeddable":true,"href":"http:\/\/www.erfolgsschmiede.co.at\/erfolgsschmiede\/index.php?rest_route=\/wp\/v2\/users\/2"}],"replies":[{"embeddable":true,"href":"http:\/\/www.erfolgsschmiede.co.at\/erfolgsschmiede\/index.php?rest_route=%2Fwp%2Fv2%2Fcomments&post=240"}],"version-history":[{"count":4,"href":"http:\/\/www.erfolgsschmiede.co.at\/erfolgsschmiede\/index.php?rest_route=\/wp\/v2\/pages\/240\/revisions"}],"predecessor-version":[{"id":390,"href":"http:\/\/www.erfolgsschmiede.co.at\/erfolgsschmiede\/index.php?rest_route=\/wp\/v2\/pages\/240\/revisions\/390"}],"wp:featuredmedia":[{"embeddable":true,"href":"http:\/\/www.erfolgsschmiede.co.at\/erfolgsschmiede\/index.php?rest_route=\/wp\/v2\/media\/209"}],"wp:attachment":[{"href":"http:\/\/www.erfolgsschmiede.co.at\/erfolgsschmiede\/index.php?rest_route=%2Fwp%2Fv2%2Fmedia&parent=240"}],"curies":[{"name":"wp","href":"https:\/\/api.w.org\/{rel}","templated":true}]}}