{"id":107,"date":"2012-11-01T11:23:15","date_gmt":"2012-11-01T11:23:15","guid":{"rendered":"http:\/\/www.erfolgsschmiede.co.at\/erfolgsschmiede\/?page_id=107"},"modified":"2024-03-26T08:18:56","modified_gmt":"2024-03-26T08:18:56","slug":"die-erfolgsschmiede","status":"publish","type":"page","link":"http:\/\/www.erfolgsschmiede.co.at\/erfolgsschmiede\/","title":{"rendered":"Die Erfolgsschmiede"},"content":{"rendered":"<blockquote><p>\u201eIdeen halten sich nicht. Es muss etwas mit ihnen getan werden.<br \/>\n<small>Alfred North Whitehead (1861-1947)<\/small><\/p><\/blockquote>\n<p>Wenn Tr\u00e4ume und Ideen nicht wieder verblassen sollen, ist es notwendig, diese Tr\u00e4ume zu leben.<br \/>\nLebt man seine Tr\u00e4ume, ist der Antrieb, der einen voran treibt, nahezu grenzenlos. Streben nach Wissen und Freude an der Arbeit geben Energie und Motivation. Ein Gef\u00fchl der Zufriedenheit stellt sich ein.<\/p>\n<p>Diese Gedanken veranlassten mich, das Unternehmen Erfolgsschmiede e.U. zu gr\u00fcnden. Mit Freude und Engagement erwachsenen Menschen Wissen zu vermitteln und somit pers\u00f6nlichen\u00a0Erfolg zu erm\u00f6glichen,\u00a0sind\u00a0mein Antrieb und meine Motivation.<\/p>\n<p>Stefan Baumgartner, MA<\/p>\n","protected":false},"excerpt":{"rendered":"<p>\u201eIdeen halten sich nicht. Es muss etwas mit ihnen getan werden. Alfred North Whitehead (1861-1947) Wenn Tr\u00e4ume und Ideen nicht wieder verblassen sollen, ist es notwendig, diese Tr\u00e4ume zu leben. Lebt man seine Tr\u00e4ume, ist der Antrieb, der einen voran treibt, nahezu grenzenlos. Streben nach Wissen und Freude an der Arbeit geben Energie und Motivation. [&#8230;]<\/p>\n","protected":false},"author":1,"featured_media":0,"parent":0,"menu_order":1,"comment_status":"closed","ping_status":"open","template":"","meta":[],"_links":{"self":[{"href":"http:\/\/www.erfolgsschmiede.co.at\/erfolgsschmiede\/index.php?rest_route=\/wp\/v2\/pages\/107"}],"collection":[{"href":"http:\/\/www.erfolgsschmiede.co.at\/erfolgsschmiede\/index.php?rest_route=\/wp\/v2\/pages"}],"about":[{"href":"http:\/\/www.erfolgsschmiede.co.at\/erfolgsschmiede\/index.php?rest_route=\/wp\/v2\/types\/page"}],"author":[{"embeddable":true,"href":"http:\/\/www.erfolgsschmiede.co.at\/erfolgsschmiede\/index.php?rest_route=\/wp\/v2\/users\/1"}],"replies":[{"embeddable":true,"href":"http:\/\/www.erfolgsschmiede.co.at\/erfolgsschmiede\/index.php?rest_route=%2Fwp%2Fv2%2Fcomments&post=107"}],"version-history":[{"count":15,"href":"http:\/\/www.erfolgsschmiede.co.at\/erfolgsschmiede\/index.php?rest_route=\/wp\/v2\/pages\/107\/revisions"}],"predecessor-version":[{"id":382,"href":"http:\/\/www.erfolgsschmiede.co.at\/erfolgsschmiede\/index.php?rest_route=\/wp\/v2\/pages\/107\/revisions\/382"}],"wp:attachment":[{"href":"http:\/\/www.erfolgsschmiede.co.at\/erfolgsschmiede\/index.php?rest_route=%2Fwp%2Fv2%2Fmedia&parent=107"}],"curies":[{"name":"wp","href":"https:\/\/api.w.org\/{rel}","templated":true}]}}