{"id":10,"date":"2012-10-23T15:24:46","date_gmt":"2012-10-23T15:24:46","guid":{"rendered":"http:\/\/erfolgsschmiede.co.at\/erfolgsschmiede\/?page_id=10"},"modified":"2021-04-19T14:02:32","modified_gmt":"2021-04-19T14:02:32","slug":"leistungen","status":"publish","type":"page","link":"http:\/\/www.erfolgsschmiede.co.at\/erfolgsschmiede\/?page_id=10","title":{"rendered":"Leistungen &#038; Seminare"},"content":{"rendered":"<p><strong>Arbeitsschwerpunkte:<\/strong><\/p>\n<ul>\n<li>F\u00fchrungskr\u00e4ftetrainings (-entwicklung) und F\u00fchrungskr\u00e4ftecoaching<\/li>\n<li>Teamfindung, Teamentwicklung, Teamf\u00fchrung und Teamcoachings<\/li>\n<li>Mitarbeitermotivation, Mitarbeiterbindung, Motivationsgespr\u00e4che, Motivationstechniken<\/li>\n<li>Ver\u00e4nderungsprozesse und Krisensituationen<\/li>\n<\/ul>\n<p><strong>Leistung:<\/strong><\/p>\n<p>Ich erstelle nicht nur ein Seminar, halten dieses ab und verabschiede\u00a0mich wieder. Nein &#8211; Nachhaltigkeit ist das Gebot der Stunde!<br \/>\nUm diese Nachhaltigkeit zu erreichen, biete ich\u00a0folgende Leistungen:<\/p>\n<ul>\n<li>zeitgerechte Absprache und genaue Zielsetzung des Trainings \/ der Seminarreihe<\/li>\n<li>detaillierte Analyse der Zielgruppe \/ Teilnehmer, um\n<ul>\n<li>teilnehmergerechte Methoden auszuw\u00e4hlen<\/li>\n<li>nachhaltiges Lernen durch eigene Erfahrungen zu erm\u00f6glichen<\/li>\n<li>eine hohe Qualit\u00e4t des Trainings zu\u00a0erreichen<\/li>\n<\/ul>\n<\/li>\n<li>Seminare in Ihrer Firma, aber auch au\u00dfer Haus\u00a0(Hotel) oder wenn es das Trainingsziel erfordert, auch\u00a0im Freien (Outdoor)<\/li>\n<li>wenn gew\u00fcnscht, eine weitere Begleitung auch nach dem Seminar<\/li>\n<\/ul>\n<p><strong>Was soll nicht sein:<\/strong><\/p>\n<ul>\n<li>reine\u00a0Theorievortr\u00e4ge<\/li>\n<li>einseitige Kommunikation<\/li>\n<\/ul>\n","protected":false},"excerpt":{"rendered":"<p>Arbeitsschwerpunkte: F\u00fchrungskr\u00e4ftetrainings (-entwicklung) und F\u00fchrungskr\u00e4ftecoaching Teamfindung, Teamentwicklung, Teamf\u00fchrung und Teamcoachings Mitarbeitermotivation, Mitarbeiterbindung, Motivationsgespr\u00e4che, Motivationstechniken Ver\u00e4nderungsprozesse und Krisensituationen Leistung: Ich erstelle nicht nur ein Seminar, halten dieses ab und verabschiede\u00a0mich wieder. Nein &#8211; Nachhaltigkeit ist das Gebot der Stunde! Um diese Nachhaltigkeit zu erreichen, biete ich\u00a0folgende Leistungen: zeitgerechte Absprache und genaue Zielsetzung des Trainings \/ der [&#8230;]<\/p>\n","protected":false},"author":1,"featured_media":0,"parent":0,"menu_order":20,"comment_status":"closed","ping_status":"open","template":"","meta":[],"_links":{"self":[{"href":"http:\/\/www.erfolgsschmiede.co.at\/erfolgsschmiede\/index.php?rest_route=\/wp\/v2\/pages\/10"}],"collection":[{"href":"http:\/\/www.erfolgsschmiede.co.at\/erfolgsschmiede\/index.php?rest_route=\/wp\/v2\/pages"}],"about":[{"href":"http:\/\/www.erfolgsschmiede.co.at\/erfolgsschmiede\/index.php?rest_route=\/wp\/v2\/types\/page"}],"author":[{"embeddable":true,"href":"http:\/\/www.erfolgsschmiede.co.at\/erfolgsschmiede\/index.php?rest_route=\/wp\/v2\/users\/1"}],"replies":[{"embeddable":true,"href":"http:\/\/www.erfolgsschmiede.co.at\/erfolgsschmiede\/index.php?rest_route=%2Fwp%2Fv2%2Fcomments&post=10"}],"version-history":[{"count":27,"href":"http:\/\/www.erfolgsschmiede.co.at\/erfolgsschmiede\/index.php?rest_route=\/wp\/v2\/pages\/10\/revisions"}],"predecessor-version":[{"id":360,"href":"http:\/\/www.erfolgsschmiede.co.at\/erfolgsschmiede\/index.php?rest_route=\/wp\/v2\/pages\/10\/revisions\/360"}],"wp:attachment":[{"href":"http:\/\/www.erfolgsschmiede.co.at\/erfolgsschmiede\/index.php?rest_route=%2Fwp%2Fv2%2Fmedia&parent=10"}],"curies":[{"name":"wp","href":"https:\/\/api.w.org\/{rel}","templated":true}]}}